{"id":3429,"date":"2025-05-06T10:40:59","date_gmt":"2025-05-06T08:40:59","guid":{"rendered":"https:\/\/fragmentnutrition.com\/?post_type=product&#038;p=3429"},"modified":"2025-12-17T20:45:20","modified_gmt":"2025-12-17T18:45:20","slug":"recuperation","status":"publish","type":"product","link":"https:\/\/fragmentnutrition.com\/en\/product\/recuperation\/","title":{"rendered":"R\u00e9cup\u00e9ration"},"content":{"rendered":"<p>Formule liquide compl\u00e8te pour <strong>acc\u00e9l\u00e9rer la r\u00e9cup\u00e9ration<\/strong>, r\u00e9duire les courbatures et favoriser la r\u00e9g\u00e9n\u00e9ration musculaire.<br \/>\nUne dose quotidienne apr\u00e8s l\u2019effort pour repartir plus vite, plus fort.<\/p>","protected":false},"excerpt":{"rendered":"<p class=\"p1\">Formule liquide r\u00e9g\u00e9n\u00e9rante \u00e0 base de magn\u00e9sium, extraits de plantes et antioxydants puissants.<\/p>\n<p class=\"p1\">Soutient la r\u00e9cup\u00e9ration musculaire, r\u00e9duit le stress oxydatif et favorise un sommeil r\u00e9parateur.<\/p>\n<p class=\"p3\">92 % d\u2019ingr\u00e9dients d\u2019origine naturelle.<\/p>\n<p class=\"p3\"><b><\/b>Sans accoutumance, sans colorants, vegan.<\/p>\n<p class=\"p1\">Fabriqu\u00e9 en France.<\/p>\n<p class=\"p1\">Packaging recycl\u00e9 &amp; recyclable.<\/p>","protected":false},"featured_media":13921,"template":"","meta":{"_acf_changed":false,"_seopress_robots_primary_cat":"","_seopress_titles_title":"","_seopress_titles_desc":"","_seopress_robots_index":"","site-sidebar-layout":"default","site-content-layout":"","ast-site-content-layout":"default","site-content-style":"default","site-sidebar-style":"default","ast-global-header-display":"","ast-banner-title-visibility":"","ast-main-header-display":"","ast-hfb-above-header-display":"","ast-hfb-below-header-display":"","ast-hfb-mobile-header-display":"","site-post-title":"","ast-breadcrumbs-content":"","ast-featured-img":"","footer-sml-layout":"","ast-disable-related-posts":"","theme-transparent-header-meta":"default","adv-header-id-meta":"","stick-header-meta":"default","header-above-stick-meta":"","header-main-stick-meta":"","header-below-stick-meta":"","astra-migrate-meta-layouts":"set","ast-page-background-enabled":"default","ast-page-background-meta":{"desktop":{"background-color":"var(--ast-global-color-4)","background-image":"","background-repeat":"repeat","background-position":"center center","background-size":"auto","background-attachment":"scroll","background-type":"","background-media":"","overlay-type":"","overlay-color":"","overlay-opacity":"","overlay-gradient":""},"tablet":{"background-color":"","background-image":"","background-repeat":"repeat","background-position":"center center","background-size":"auto","background-attachment":"scroll","background-type":"","background-media":"","overlay-type":"","overlay-color":"","overlay-opacity":"","overlay-gradient":""},"mobile":{"background-color":"","background-image":"","background-repeat":"repeat","background-position":"center center","background-size":"auto","background-attachment":"scroll","background-type":"","background-media":"","overlay-type":"","overlay-color":"","overlay-opacity":"","overlay-gradient":""}},"ast-content-background-meta":{"desktop":{"background-color":"var(--ast-global-color-5)","background-image":"","background-repeat":"repeat","background-position":"center center","background-size":"auto","background-attachment":"scroll","background-type":"","background-media":"","overlay-type":"","overlay-color":"","overlay-opacity":"","overlay-gradient":""},"tablet":{"background-color":"var(--ast-global-color-5)","background-image":"","background-repeat":"repeat","background-position":"center center","background-size":"auto","background-attachment":"scroll","background-type":"","background-media":"","overlay-type":"","overlay-color":"","overlay-opacity":"","overlay-gradient":""},"mobile":{"background-color":"var(--ast-global-color-5)","background-image":"","background-repeat":"repeat","background-position":"center center","background-size":"auto","background-attachment":"scroll","background-type":"","background-media":"","overlay-type":"","overlay-color":"","overlay-opacity":"","overlay-gradient":""}}},"product_brand":[24],"product_cat":[25],"product_tag":[],"class_list":{"0":"post-3429","1":"product","2":"type-product","3":"status-publish","4":"has-post-thumbnail","6":"product_brand-fragment","7":"product_cat-complements-liquides","8":"desktop-align-center","9":"tablet-align-left","10":"mobile-align-left","12":"first","13":"instock","14":"featured","15":"taxable","16":"shipping-taxable","17":"product-type-simple"},"bundled_by":["8377","8415","8419","8425"],"bundle_stock_status":"instock","bundle_stock_quantity":null,"bundle_virtual":false,"bundle_layout":"","bundle_add_to_cart_form_location":"","bundle_editable_in_cart":false,"bundle_sold_individually_context":"","bundle_item_grouping":"","bundle_min_size":"","bundle_max_size":"","bundle_price":[],"bundled_items":[],"bundle_sell_ids":[],"acf":[],"_links":{"self":[{"href":"https:\/\/fragmentnutrition.com\/en\/wp-json\/wp\/v2\/product\/3429","targetHints":{"allow":["GET"]}}],"collection":[{"href":"https:\/\/fragmentnutrition.com\/en\/wp-json\/wp\/v2\/product"}],"about":[{"href":"https:\/\/fragmentnutrition.com\/en\/wp-json\/wp\/v2\/types\/product"}],"version-history":[{"count":14,"href":"https:\/\/fragmentnutrition.com\/en\/wp-json\/wp\/v2\/product\/3429\/revisions"}],"predecessor-version":[{"id":14146,"href":"https:\/\/fragmentnutrition.com\/en\/wp-json\/wp\/v2\/product\/3429\/revisions\/14146"}],"wp:featuredmedia":[{"embeddable":true,"href":"https:\/\/fragmentnutrition.com\/en\/wp-json\/wp\/v2\/media\/13921"}],"wp:attachment":[{"href":"https:\/\/fragmentnutrition.com\/en\/wp-json\/wp\/v2\/media?parent=3429"}],"wp:term":[{"taxonomy":"product_brand","embeddable":true,"href":"https:\/\/fragmentnutrition.com\/en\/wp-json\/wp\/v2\/product_brand?post=3429"},{"taxonomy":"product_cat","embeddable":true,"href":"https:\/\/fragmentnutrition.com\/en\/wp-json\/wp\/v2\/product_cat?post=3429"},{"taxonomy":"product_tag","embeddable":true,"href":"https:\/\/fragmentnutrition.com\/en\/wp-json\/wp\/v2\/product_tag?post=3429"}],"curies":[{"name":"wp","href":"https:\/\/api.w.org\/{rel}","templated":true}]}}