{"id":3427,"date":"2025-05-06T10:40:12","date_gmt":"2025-05-06T08:40:12","guid":{"rendered":"https:\/\/fragmentnutrition.com\/?post_type=product&#038;p=3427"},"modified":"2025-12-17T23:25:06","modified_gmt":"2025-12-17T21:25:06","slug":"endurance","status":"publish","type":"product","link":"https:\/\/fragmentnutrition.com\/en\/product\/endurance\/","title":{"rendered":"Endurance"},"content":{"rendered":"<p>Formule liquide haute performance pour repousser la fatigue, stabiliser l\u2019\u00e9nergie et tenir sur la dur\u00e9e.<br \/>\nId\u00e9ale avant des efforts longs, des s\u00e9ances intenses ou simplement des journ\u00e9es exigeantes.<\/p>","protected":false},"excerpt":{"rendered":"<p class=\"p1\">Formule liquide \u00e0 haute assimilation pour soutenir l\u2019effort prolong\u00e9, pr\u00e9venir la d\u00e9shydratation et favoriser la r\u00e9cup\u00e9ration.<\/p>\n<p class=\"p1\">\u00c9lectrolytes, adaptog\u00e8nes &amp; BCAA v\u00e9g\u00e9taux pour maintenir l\u2019\u00e9nergie et prot\u00e9ger les muscles.<\/p>\n<p class=\"p3\">89 % d\u2019ingr\u00e9dients d\u2019origine naturelle.<\/p>\n<p class=\"p3\"><b><\/b>Sans sucre, sans ar\u00f4mes artificiels, vegan.<\/p>\n<p class=\"p1\">Fabriqu\u00e9 en France.<\/p>\n<p class=\"p1\">Packaging recycl\u00e9 &amp; recyclable.<\/p>","protected":false},"featured_media":13786,"template":"","meta":{"_acf_changed":false,"_seopress_robots_primary_cat":"","_seopress_titles_title":"","_seopress_titles_desc":"","_seopress_robots_index":"","site-sidebar-layout":"default","site-content-layout":"","ast-site-content-layout":"default","site-content-style":"default","site-sidebar-style":"default","ast-global-header-display":"","ast-banner-title-visibility":"","ast-main-header-display":"","ast-hfb-above-header-display":"","ast-hfb-below-header-display":"","ast-hfb-mobile-header-display":"","site-post-title":"","ast-breadcrumbs-content":"","ast-featured-img":"","footer-sml-layout":"","ast-disable-related-posts":"","theme-transparent-header-meta":"default","adv-header-id-meta":"","stick-header-meta":"default","header-above-stick-meta":"","header-main-stick-meta":"","header-below-stick-meta":"","astra-migrate-meta-layouts":"set","ast-page-background-enabled":"default","ast-page-background-meta":{"desktop":{"background-color":"var(--ast-global-color-4)","background-image":"","background-repeat":"repeat","background-position":"center center","background-size":"auto","background-attachment":"scroll","background-type":"","background-media":"","overlay-type":"","overlay-color":"","overlay-opacity":"","overlay-gradient":""},"tablet":{"background-color":"","background-image":"","background-repeat":"repeat","background-position":"center center","background-size":"auto","background-attachment":"scroll","background-type":"","background-media":"","overlay-type":"","overlay-color":"","overlay-opacity":"","overlay-gradient":""},"mobile":{"background-color":"","background-image":"","background-repeat":"repeat","background-position":"center center","background-size":"auto","background-attachment":"scroll","background-type":"","background-media":"","overlay-type":"","overlay-color":"","overlay-opacity":"","overlay-gradient":""}},"ast-content-background-meta":{"desktop":{"background-color":"var(--ast-global-color-5)","background-image":"","background-repeat":"repeat","background-position":"center center","background-size":"auto","background-attachment":"scroll","background-type":"","background-media":"","overlay-type":"","overlay-color":"","overlay-opacity":"","overlay-gradient":""},"tablet":{"background-color":"var(--ast-global-color-5)","background-image":"","background-repeat":"repeat","background-position":"center center","background-size":"auto","background-attachment":"scroll","background-type":"","background-media":"","overlay-type":"","overlay-color":"","overlay-opacity":"","overlay-gradient":""},"mobile":{"background-color":"var(--ast-global-color-5)","background-image":"","background-repeat":"repeat","background-position":"center center","background-size":"auto","background-attachment":"scroll","background-type":"","background-media":"","overlay-type":"","overlay-color":"","overlay-opacity":"","overlay-gradient":""}}},"product_brand":[24],"product_cat":[25],"product_tag":[88],"class_list":{"0":"post-3427","1":"product","2":"type-product","3":"status-publish","4":"has-post-thumbnail","6":"product_brand-fragment","7":"product_cat-complements-liquides","8":"product_tag-concentre","9":"desktop-align-center","10":"tablet-align-left","11":"mobile-align-left","13":"first","14":"instock","15":"featured","16":"taxable","17":"shipping-taxable","18":"product-type-simple"},"bundled_by":[],"bundle_stock_status":"instock","bundle_stock_quantity":null,"bundle_virtual":false,"bundle_layout":"","bundle_add_to_cart_form_location":"","bundle_editable_in_cart":false,"bundle_sold_individually_context":"","bundle_item_grouping":"","bundle_min_size":"","bundle_max_size":"","bundle_price":[],"bundled_items":[],"bundle_sell_ids":[],"acf":[],"_links":{"self":[{"href":"https:\/\/fragmentnutrition.com\/en\/wp-json\/wp\/v2\/product\/3427","targetHints":{"allow":["GET"]}}],"collection":[{"href":"https:\/\/fragmentnutrition.com\/en\/wp-json\/wp\/v2\/product"}],"about":[{"href":"https:\/\/fragmentnutrition.com\/en\/wp-json\/wp\/v2\/types\/product"}],"version-history":[{"count":26,"href":"https:\/\/fragmentnutrition.com\/en\/wp-json\/wp\/v2\/product\/3427\/revisions"}],"predecessor-version":[{"id":14148,"href":"https:\/\/fragmentnutrition.com\/en\/wp-json\/wp\/v2\/product\/3427\/revisions\/14148"}],"wp:featuredmedia":[{"embeddable":true,"href":"https:\/\/fragmentnutrition.com\/en\/wp-json\/wp\/v2\/media\/13786"}],"wp:attachment":[{"href":"https:\/\/fragmentnutrition.com\/en\/wp-json\/wp\/v2\/media?parent=3427"}],"wp:term":[{"taxonomy":"product_brand","embeddable":true,"href":"https:\/\/fragmentnutrition.com\/en\/wp-json\/wp\/v2\/product_brand?post=3427"},{"taxonomy":"product_cat","embeddable":true,"href":"https:\/\/fragmentnutrition.com\/en\/wp-json\/wp\/v2\/product_cat?post=3427"},{"taxonomy":"product_tag","embeddable":true,"href":"https:\/\/fragmentnutrition.com\/en\/wp-json\/wp\/v2\/product_tag?post=3427"}],"curies":[{"name":"wp","href":"https:\/\/api.w.org\/{rel}","templated":true}]}}