{"id":6509,"date":"2025-06-07T08:55:58","date_gmt":"2025-06-07T06:55:58","guid":{"rendered":"https:\/\/fragmentnutrition.com\/?page_id=6509"},"modified":"2026-01-18T17:54:40","modified_gmt":"2026-01-18T15:54:40","slug":"diagnosis","status":"publish","type":"page","link":"https:\/\/fragmentnutrition.com\/en\/diagnosis\/","title":{"rendered":"Diagnosis"},"content":{"rendered":"<div data-elementor-type=\"wp-page\" data-elementor-id=\"6509\" class=\"elementor elementor-6509\" data-elementor-post-type=\"page\">\n\t\t\t\t<div data-dce-background-image-url=\"https:\/\/fragmentnutrition.com\/wp-content\/uploads\/2025\/06\/john-mark-arnold-XNIjmb6Ax04-unsplash-scaled.jpg\" class=\"elementor-element elementor-element-c10d5c2 e-con-full e-flex e-con e-parent\" data-id=\"c10d5c2\" data-element_type=\"container\" data-e-type=\"container\" data-settings=\"{&quot;background_background&quot;:&quot;classic&quot;}\">\n\t\t<div data-dce-background-color=\"#FFFFFF\" class=\"elementor-element elementor-element-3545f07 e-con-full e-flex e-con e-child\" data-id=\"3545f07\" data-element_type=\"container\" data-e-type=\"container\" data-settings=\"{&quot;background_background&quot;:&quot;classic&quot;}\">\n\t\t\t\t<div class=\"elementor-element elementor-element-212696b elementor-widget elementor-widget-heading\" data-id=\"212696b\" data-element_type=\"widget\" data-e-type=\"widget\" data-widget_type=\"heading.default\">\n\t\t\t\t<div class=\"elementor-widget-container\">\n\t\t\t\t\t<h1 class=\"elementor-heading-title elementor-size-default\">Diagnosis<\/h1>\t\t\t\t<\/div>\n\t\t\t\t<\/div>\n\t\t\t\t<div class=\"elementor-element elementor-element-b471814 elementor-widget elementor-widget-heading\" data-id=\"b471814\" data-element_type=\"widget\" data-e-type=\"widget\" data-widget_type=\"heading.default\">\n\t\t\t\t<div class=\"elementor-widget-container\">\n\t\t\t\t\t<h2 class=\"elementor-heading-title elementor-size-default\">Discover your potential deficiencies<\/h2>\t\t\t\t<\/div>\n\t\t\t\t<\/div>\n\t\t\t\t<div class=\"elementor-element elementor-element-893c46d elementor-widget elementor-widget-heading\" data-id=\"893c46d\" data-element_type=\"widget\" data-e-type=\"widget\" data-widget_type=\"heading.default\">\n\t\t\t\t<div class=\"elementor-widget-container\">\n\t\t\t\t\t<h3 class=\"elementor-heading-title elementor-size-default\">Votre corps vous envoie des signaux : fatigue, baisse d'\u00e9nergie, manque de r\u00e9cup\u00e9ration. Ce test rapide vous aide \u00e0 mieux comprendre les besoins potentiels de votre organisme, en fonction de ce que vous ressentez au quotidien.<\/h3>\t\t\t\t<\/div>\n\t\t\t\t<\/div>\n\t\t\t\t<div data-dce-background-color=\"#1F1F1F\" class=\"elementor-element elementor-element-87bfcb4 showForm elementor-hidden-mobile elementor-widget elementor-widget-button\" data-id=\"87bfcb4\" data-element_type=\"widget\" data-e-type=\"widget\" id=\"showForm\" data-widget_type=\"button.default\">\n\t\t\t\t<div class=\"elementor-widget-container\">\n\t\t\t\t\t\t\t\t\t<div class=\"elementor-button-wrapper\">\n\t\t\t\t\t<a class=\"elementor-button elementor-size-sm\" role=\"button\">\n\t\t\t\t\t\t<span class=\"elementor-button-content-wrapper\">\n\t\t\t\t\t\t\t\t\t<span class=\"elementor-button-text\">I discover my needs<\/span>\n\t\t\t\t\t<\/span>\n\t\t\t\t\t<\/a>\n\t\t\t\t<\/div>\n\t\t\t\t\t\t\t\t<\/div>\n\t\t\t\t<\/div>\n\t\t\t\t<div data-dce-background-color=\"#1F1F1F\" class=\"elementor-element elementor-element-f999606 elementor-hidden-desktop elementor-hidden-tablet elementor-widget elementor-widget-button\" data-id=\"f999606\" data-element_type=\"widget\" data-e-type=\"widget\" data-widget_type=\"button.default\">\n\t\t\t\t<div class=\"elementor-widget-container\">\n\t\t\t\t\t\t\t\t\t<div class=\"elementor-button-wrapper\">\n\t\t\t\t\t<a class=\"elementor-button elementor-button-link elementor-size-sm\" href=\"https:\/\/fragmentnutrition.com\/en\/diagnostic-mobile\/\">\n\t\t\t\t\t\t<span class=\"elementor-button-content-wrapper\">\n\t\t\t\t\t\t\t\t\t<span class=\"elementor-button-text\">I discover my needs<\/span>\n\t\t\t\t\t<\/span>\n\t\t\t\t\t<\/a>\n\t\t\t\t<\/div>\n\t\t\t\t\t\t\t\t<\/div>\n\t\t\t\t<\/div>\n\t\t\t\t<div class=\"elementor-element elementor-element-cdc3724 elementor-widget elementor-widget-heading\" data-id=\"cdc3724\" data-element_type=\"widget\" data-e-type=\"widget\" data-widget_type=\"heading.default\">\n\t\t\t\t<div class=\"elementor-widget-container\">\n\t\t\t\t\t<p class=\"elementor-heading-title elementor-size-default\">Cela prend moins de 2 minutes<\/p>\t\t\t\t<\/div>\n\t\t\t\t<\/div>\n\t\t\t\t<div class=\"elementor-element elementor-element-34cafb6 elementor-widget elementor-widget-text-editor\" data-id=\"34cafb6\" data-element_type=\"widget\" data-e-type=\"widget\" data-widget_type=\"text-editor.default\">\n\t\t\t\t<div class=\"elementor-widget-container\">\n\t\t\t\t\t\t\t\t\t<p>This diagnostic is a self-assessment tool for informational purposes. It is in no way a substitute for medical advice or a laboratory assessment. By completing this form, you authorize FRAGMENT SAS to use your personal data and send you Fragment offers and communications by email or SMS. <a href=\"https:\/\/fragmentnutrition.com\/en\/politique-de-confidentialite\/\">Learn more<\/a><\/p>\t\t\t\t\t\t\t\t<\/div>\n\t\t\t\t<\/div>\n\t\t\t\t<div class=\"elementor-element elementor-element-2bb4b47 elementor-hidden-mobile elementor-widget elementor-widget-html\" data-id=\"2bb4b47\" data-element_type=\"widget\" data-e-type=\"widget\" data-widget_type=\"html.default\">\n\t\t\t\t<div class=\"elementor-widget-container\">\n\t\t\t\t\t<div class=\"form-overlay\">\n  <button id=\"closeForm\" class=\"back-btn\">\u2190 Quitter<\/button>\n  <iframe src=\"https:\/\/tally.so\/r\/31zKal?transparentBackground=1\" frameborder=\"0\"><\/iframe>\n<\/div>\t\t\t\t<\/div>\n\t\t\t\t<\/div>\n\t\t\t\t<\/div>\n\t\t\t\t<\/div>\n\t\t\t\t<\/div>","protected":false},"excerpt":{"rendered":"<p>Diagnostic D\u00e9couvrez vos carences potentielles Votre corps vous envoie des signaux : fatigue, baisse d&rsquo;\u00e9nergie, manque de r\u00e9cup\u00e9ration. Ce test rapide vous aide \u00e0 mieux comprendre les besoins potentiels de votre organisme, en fonction de ce que vous ressentez au quotidien. Je d\u00e9couvre mes besoins Je d\u00e9couvre mes besoins Cela prend moins de 2 minutes [&hellip;]<\/p>\n","protected":false},"author":1,"featured_media":0,"parent":0,"menu_order":0,"comment_status":"closed","ping_status":"closed","template":"","meta":{"_acf_changed":false,"_seopress_robots_primary_cat":"","_seopress_titles_title":"","_seopress_titles_desc":"","_seopress_robots_index":"","site-sidebar-layout":"no-sidebar","site-content-layout":"page-builder","ast-site-content-layout":"full-width-container","site-content-style":"default","site-sidebar-style":"default","ast-global-header-display":"","ast-banner-title-visibility":"","ast-main-header-display":"","ast-hfb-above-header-display":"","ast-hfb-below-header-display":"","ast-hfb-mobile-header-display":"","site-post-title":"disabled","ast-breadcrumbs-content":"","ast-featured-img":"disabled","footer-sml-layout":"","ast-disable-related-posts":"","theme-transparent-header-meta":"","adv-header-id-meta":"","stick-header-meta":"","header-above-stick-meta":"","header-main-stick-meta":"","header-below-stick-meta":"","astra-migrate-meta-layouts":"default","ast-page-background-enabled":"default","ast-page-background-meta":{"desktop":{"background-color":"var(--ast-global-color-4)","background-image":"","background-repeat":"repeat","background-position":"center center","background-size":"auto","background-attachment":"scroll","background-type":"","background-media":"","overlay-type":"","overlay-color":"","overlay-opacity":"","overlay-gradient":""},"tablet":{"background-color":"","background-image":"","background-repeat":"repeat","background-position":"center center","background-size":"auto","background-attachment":"scroll","background-type":"","background-media":"","overlay-type":"","overlay-color":"","overlay-opacity":"","overlay-gradient":""},"mobile":{"background-color":"","background-image":"","background-repeat":"repeat","background-position":"center center","background-size":"auto","background-attachment":"scroll","background-type":"","background-media":"","overlay-type":"","overlay-color":"","overlay-opacity":"","overlay-gradient":""}},"ast-content-background-meta":{"desktop":{"background-color":"var(--ast-global-color-5)","background-image":"","background-repeat":"repeat","background-position":"center center","background-size":"auto","background-attachment":"scroll","background-type":"","background-media":"","overlay-type":"","overlay-color":"","overlay-opacity":"","overlay-gradient":""},"tablet":{"background-color":"var(--ast-global-color-5)","background-image":"","background-repeat":"repeat","background-position":"center center","background-size":"auto","background-attachment":"scroll","background-type":"","background-media":"","overlay-type":"","overlay-color":"","overlay-opacity":"","overlay-gradient":""},"mobile":{"background-color":"var(--ast-global-color-5)","background-image":"","background-repeat":"repeat","background-position":"center center","background-size":"auto","background-attachment":"scroll","background-type":"","background-media":"","overlay-type":"","overlay-color":"","overlay-opacity":"","overlay-gradient":""}},"footnotes":""},"class_list":["post-6509","page","type-page","status-publish","hentry"],"acf":[],"_links":{"self":[{"href":"https:\/\/fragmentnutrition.com\/en\/wp-json\/wp\/v2\/pages\/6509","targetHints":{"allow":["GET"]}}],"collection":[{"href":"https:\/\/fragmentnutrition.com\/en\/wp-json\/wp\/v2\/pages"}],"about":[{"href":"https:\/\/fragmentnutrition.com\/en\/wp-json\/wp\/v2\/types\/page"}],"author":[{"embeddable":true,"href":"https:\/\/fragmentnutrition.com\/en\/wp-json\/wp\/v2\/users\/1"}],"replies":[{"embeddable":true,"href":"https:\/\/fragmentnutrition.com\/en\/wp-json\/wp\/v2\/comments?post=6509"}],"version-history":[{"count":419,"href":"https:\/\/fragmentnutrition.com\/en\/wp-json\/wp\/v2\/pages\/6509\/revisions"}],"predecessor-version":[{"id":14701,"href":"https:\/\/fragmentnutrition.com\/en\/wp-json\/wp\/v2\/pages\/6509\/revisions\/14701"}],"wp:attachment":[{"href":"https:\/\/fragmentnutrition.com\/en\/wp-json\/wp\/v2\/media?parent=6509"}],"curies":[{"name":"wp","href":"https:\/\/api.w.org\/{rel}","templated":true}]}}