{"id":5849,"date":"2025-06-02T11:41:21","date_gmt":"2025-06-02T09:41:21","guid":{"rendered":"https:\/\/fragmentnutrition.com\/?page_id=5849"},"modified":"2026-01-19T19:30:31","modified_gmt":"2026-01-19T17:30:31","slug":"register","status":"publish","type":"page","link":"https:\/\/fragmentnutrition.com\/en\/register\/","title":{"rendered":"Register"},"content":{"rendered":"<div data-elementor-type=\"wp-page\" data-elementor-id=\"5849\" class=\"elementor elementor-5849\" data-elementor-post-type=\"page\">\n\t\t\t\t<div class=\"elementor-element elementor-element-f20cf1b e-flex e-con-boxed e-con e-parent\" data-id=\"f20cf1b\" data-element_type=\"container\" data-e-type=\"container\">\n\t\t\t\t\t<div class=\"e-con-inner\">\n\t\t<div data-dce-background-image-url=\"https:\/\/fragmentnutrition.com\/wp-content\/uploads\/2025\/12\/chris-karidis-4KtFhKgj0jk-unsplash.jpg\" class=\"elementor-element elementor-element-34378cf e-con-full e-flex e-con e-child\" data-id=\"34378cf\" data-element_type=\"container\" data-e-type=\"container\" data-settings=\"{&quot;background_background&quot;:&quot;classic&quot;}\">\n\t\t<div class=\"elementor-element elementor-element-ceea1e3 e-con-full e-flex e-con e-child\" data-id=\"ceea1e3\" data-element_type=\"container\" data-e-type=\"container\" data-settings=\"{&quot;background_background&quot;:&quot;classic&quot;}\">\n\t\t<div class=\"elementor-element elementor-element-8ad07f4 e-con-full e-flex e-con e-child\" data-id=\"8ad07f4\" data-element_type=\"container\" data-e-type=\"container\">\n\t\t\t\t<div class=\"elementor-element elementor-element-344352e elementor-widget elementor-widget-heading\" data-id=\"344352e\" data-element_type=\"widget\" data-e-type=\"widget\" data-widget_type=\"heading.default\">\n\t\t\t\t<div class=\"elementor-widget-container\">\n\t\t\t\t\t<h2 class=\"elementor-heading-title elementor-size-default\">Cr\u00e9er un compte<\/h2>\t\t\t\t<\/div>\n\t\t\t\t<\/div>\n\t\t\t\t<div class=\"elementor-element elementor-element-3b25718 elementor-widget elementor-widget-shortcode\" data-id=\"3b25718\" data-element_type=\"widget\" data-e-type=\"widget\" data-widget_type=\"shortcode.default\">\n\t\t\t\t<div class=\"elementor-widget-container\">\n\t\t\t\t\t\t\t<div class=\"elementor-shortcode\">\r\n    <form class=\"fragment-register-form woocommerce-form woocommerce-form-register register\" method=\"post\" novalidate action=\"\">\r\n\r\n        \r\n        <!-- \u2705 Email en premier -->\r\n        <p class=\"woocommerce-form-row woocommerce-form-row--wide form-row form-row-wide\">\r\n            <label for=\"reg_email\">E-mail address <span class=\"required\">*<\/span><\/label>\r\n            <input type=\"email\"\r\n                   class=\"woocommerce-Input woocommerce-Input--text input-text\"\r\n                   name=\"email\"\r\n                   id=\"reg_email\"\r\n                   autocomplete=\"email\"\r\n                   value=\"\"\r\n                   required \/>\r\n        <\/p>\r\n\r\n        <!-- \u2705 Pr\u00e9nom -->\r\n        <p class=\"woocommerce-form-row woocommerce-form-row--wide form-row form-row-wide\">\r\n            <label for=\"reg_first_name\">Pr\u00e9nom <span class=\"required\">*<\/span><\/label>\r\n            <input type=\"text\"\r\n                   class=\"woocommerce-Input woocommerce-Input--text input-text\"\r\n                   name=\"first_name\"\r\n                   id=\"reg_first_name\"\r\n                   autocomplete=\"given-name\"\r\n                   value=\"\"\r\n                   required \/>\r\n        <\/p>\r\n\r\n        <!-- \u2705 Mot de passe -->\r\n        <p class=\"woocommerce-form-row woocommerce-form-row--wide form-row form-row-wide\">\r\n            <label for=\"reg_password\">Mot de passe <span class=\"required\">*<\/span><\/label>\r\n            <input type=\"password\"\r\n                   class=\"woocommerce-Input woocommerce-Input--text input-text\"\r\n                   name=\"password\"\r\n                   id=\"reg_password\"\r\n                   autocomplete=\"new-password\"\r\n                   required \/>\r\n        <\/p>\r\n\r\n        <!-- \u2705 Confirmation mot de passe -->\r\n        <p class=\"woocommerce-form-row woocommerce-form-row--wide form-row form-row-wide\">\r\n            <label for=\"reg_password_confirm\">Confirmer le mot de passe <span class=\"required\">*<\/span><\/label>\r\n            <input type=\"password\"\r\n                   class=\"woocommerce-Input woocommerce-Input--text input-text\"\r\n                   name=\"password_confirm\"\r\n                   id=\"reg_password_confirm\"\r\n                   autocomplete=\"new-password\"\r\n                   required \/>\r\n        <\/p>\r\n\r\n        <input type=\"hidden\" id=\"fragment_register_nonce\" name=\"fragment_register_nonce\" value=\"e8536c6cf7\" \/><input type=\"hidden\" name=\"_wp_http_referer\" value=\"\/en\/wp-json\/wp\/v2\/pages\/5849\" \/>\r\n        <p class=\"woocommerce-form-row form-row\">\r\n            <button type=\"submit\" class=\"woocommerce-Button button\">\r\n                Cr\u00e9er mon compte\r\n            <\/button>\r\n        <\/p>\r\n\r\n    <input type=\"hidden\" name=\"trp-form-language\" value=\"en\"\/><\/form>\r\n\r\n    <\/div>\n\t\t\t\t\t\t<\/div>\n\t\t\t\t<\/div>\n\t\t\t\t<div class=\"elementor-element elementor-element-564f42c elementor-widget elementor-widget-heading\" data-id=\"564f42c\" data-element_type=\"widget\" data-e-type=\"widget\" data-widget_type=\"heading.default\">\n\t\t\t\t<div class=\"elementor-widget-container\">\n\t\t\t\t\t<h2 class=\"elementor-heading-title elementor-size-default\"><a href=\"https:\/\/fragmentnutrition.com\/en\/login\/\">J'ai d\u00e9j\u00e0 un compte<\/a><\/h2>\t\t\t\t<\/div>\n\t\t\t\t<\/div>\n\t\t\t\t<\/div>\n\t\t\t\t<\/div>\n\t\t\t\t<\/div>\n\t\t\t\t\t<\/div>\n\t\t\t\t<\/div>\n\t\t\t\t<\/div>","protected":false},"excerpt":{"rendered":"<p>Cr\u00e9er un compte J&rsquo;ai d\u00e9j\u00e0 un compte<\/p>","protected":false},"author":1,"featured_media":0,"parent":0,"menu_order":0,"comment_status":"closed","ping_status":"closed","template":"","meta":{"_acf_changed":false,"_seopress_robots_primary_cat":"","_seopress_titles_title":"","_seopress_titles_desc":"","_seopress_robots_index":"","site-sidebar-layout":"no-sidebar","site-content-layout":"page-builder","ast-site-content-layout":"full-width-container","site-content-style":"default","site-sidebar-style":"default","ast-global-header-display":"","ast-banner-title-visibility":"","ast-main-header-display":"","ast-hfb-above-header-display":"","ast-hfb-below-header-display":"","ast-hfb-mobile-header-display":"","site-post-title":"disabled","ast-breadcrumbs-content":"","ast-featured-img":"disabled","footer-sml-layout":"","ast-disable-related-posts":"","theme-transparent-header-meta":"","adv-header-id-meta":"","stick-header-meta":"","header-above-stick-meta":"","header-main-stick-meta":"","header-below-stick-meta":"","astra-migrate-meta-layouts":"default","ast-page-background-enabled":"default","ast-page-background-meta":{"desktop":{"background-color":"var(--ast-global-color-4)","background-image":"","background-repeat":"repeat","background-position":"center center","background-size":"auto","background-attachment":"scroll","background-type":"","background-media":"","overlay-type":"","overlay-color":"","overlay-opacity":"","overlay-gradient":""},"tablet":{"background-color":"","background-image":"","background-repeat":"repeat","background-position":"center center","background-size":"auto","background-attachment":"scroll","background-type":"","background-media":"","overlay-type":"","overlay-color":"","overlay-opacity":"","overlay-gradient":""},"mobile":{"background-color":"","background-image":"","background-repeat":"repeat","background-position":"center center","background-size":"auto","background-attachment":"scroll","background-type":"","background-media":"","overlay-type":"","overlay-color":"","overlay-opacity":"","overlay-gradient":""}},"ast-content-background-meta":{"desktop":{"background-color":"var(--ast-global-color-5)","background-image":"","background-repeat":"repeat","background-position":"center center","background-size":"auto","background-attachment":"scroll","background-type":"","background-media":"","overlay-type":"","overlay-color":"","overlay-opacity":"","overlay-gradient":""},"tablet":{"background-color":"var(--ast-global-color-5)","background-image":"","background-repeat":"repeat","background-position":"center center","background-size":"auto","background-attachment":"scroll","background-type":"","background-media":"","overlay-type":"","overlay-color":"","overlay-opacity":"","overlay-gradient":""},"mobile":{"background-color":"var(--ast-global-color-5)","background-image":"","background-repeat":"repeat","background-position":"center center","background-size":"auto","background-attachment":"scroll","background-type":"","background-media":"","overlay-type":"","overlay-color":"","overlay-opacity":"","overlay-gradient":""}},"footnotes":""},"class_list":["post-5849","page","type-page","status-publish","hentry"],"acf":[],"_links":{"self":[{"href":"https:\/\/fragmentnutrition.com\/en\/wp-json\/wp\/v2\/pages\/5849","targetHints":{"allow":["GET"]}}],"collection":[{"href":"https:\/\/fragmentnutrition.com\/en\/wp-json\/wp\/v2\/pages"}],"about":[{"href":"https:\/\/fragmentnutrition.com\/en\/wp-json\/wp\/v2\/types\/page"}],"author":[{"embeddable":true,"href":"https:\/\/fragmentnutrition.com\/en\/wp-json\/wp\/v2\/users\/1"}],"replies":[{"embeddable":true,"href":"https:\/\/fragmentnutrition.com\/en\/wp-json\/wp\/v2\/comments?post=5849"}],"version-history":[{"count":271,"href":"https:\/\/fragmentnutrition.com\/en\/wp-json\/wp\/v2\/pages\/5849\/revisions"}],"predecessor-version":[{"id":14871,"href":"https:\/\/fragmentnutrition.com\/en\/wp-json\/wp\/v2\/pages\/5849\/revisions\/14871"}],"wp:attachment":[{"href":"https:\/\/fragmentnutrition.com\/en\/wp-json\/wp\/v2\/media?parent=5849"}],"curies":[{"name":"wp","href":"https:\/\/api.w.org\/{rel}","templated":true}]}}