{"id":4395,"date":"2025-05-20T15:16:24","date_gmt":"2025-05-20T13:16:24","guid":{"rendered":"https:\/\/fragmentnutrition.com\/?page_id=4395"},"modified":"2025-11-13T22:22:18","modified_gmt":"2025-11-13T20:22:18","slug":"fragment-de-savoir","status":"publish","type":"page","link":"https:\/\/fragmentnutrition.com\/en\/fragment-de-savoir\/","title":{"rendered":"Fragment of knowledge"},"content":{"rendered":"<div data-elementor-type=\"wp-page\" data-elementor-id=\"4395\" class=\"elementor elementor-4395\" data-elementor-post-type=\"page\">\n\t\t\t\t<div data-dce-background-image-url=\"https:\/\/fragmentnutrition.com\/wp-content\/uploads\/2025\/05\/pexels-neosiam-1084718-scaled.jpg\" class=\"elementor-element elementor-element-89150d4 e-flex e-con-boxed e-con e-parent\" data-id=\"89150d4\" data-element_type=\"container\" data-e-type=\"container\" data-settings=\"{&quot;background_background&quot;:&quot;classic&quot;}\">\n\t\t\t\t\t<div class=\"e-con-inner\">\n\t\t<div class=\"elementor-element elementor-element-4515ede e-con-full e-flex e-con e-child\" data-id=\"4515ede\" data-element_type=\"container\" data-e-type=\"container\">\n\t\t\t\t<div class=\"elementor-element elementor-element-994fe4a elementor-widget elementor-widget-heading\" data-id=\"994fe4a\" data-element_type=\"widget\" data-e-type=\"widget\" data-widget_type=\"heading.default\">\n\t\t\t\t<div class=\"elementor-widget-container\">\n\t\t\t\t\t<h1 class=\"elementor-heading-title elementor-size-default\">Fragment of knowledge<\/h1>\t\t\t\t<\/div>\n\t\t\t\t<\/div>\n\t\t\t\t<div class=\"elementor-element elementor-element-cc1bb62 elementor-widget elementor-widget-heading\" data-id=\"cc1bb62\" data-element_type=\"widget\" data-e-type=\"widget\" data-widget_type=\"heading.default\">\n\t\t\t\t<div class=\"elementor-widget-container\">\n\t\t\t\t\t<h2 class=\"elementor-heading-title elementor-size-default\">L'espace pour ceux qui veulent tout comprendre.<\/h2>\t\t\t\t<\/div>\n\t\t\t\t<\/div>\n\t\t\t\t<\/div>\n\t\t\t\t\t<\/div>\n\t\t\t\t<\/div>\n\t\t<div class=\"elementor-element elementor-element-789717a e-flex e-con-boxed e-con e-parent\" data-id=\"789717a\" data-element_type=\"container\" data-e-type=\"container\">\n\t\t\t\t\t<div class=\"e-con-inner\">\n\t\t\t\t<div class=\"elementor-element elementor-element-25dce88 elementor-grid-mobile-2 elementor-posts--align-center elementor-grid-3 elementor-grid-tablet-2 elementor-posts--thumbnail-top elementor-card-shadow-yes elementor-posts__hover-gradient elementor-widget elementor-widget-posts\" data-id=\"25dce88\" data-element_type=\"widget\" data-e-type=\"widget\" data-settings=\"{&quot;cards_columns_mobile&quot;:&quot;2&quot;,&quot;cards_row_gap_mobile&quot;:{&quot;unit&quot;:&quot;px&quot;,&quot;size&quot;:0,&quot;sizes&quot;:[]},&quot;cards_columns&quot;:&quot;3&quot;,&quot;cards_columns_tablet&quot;:&quot;2&quot;,&quot;cards_row_gap&quot;:{&quot;unit&quot;:&quot;px&quot;,&quot;size&quot;:35,&quot;sizes&quot;:[]},&quot;cards_row_gap_tablet&quot;:{&quot;unit&quot;:&quot;px&quot;,&quot;size&quot;:&quot;&quot;,&quot;sizes&quot;:[]}}\" data-widget_type=\"posts.cards\">\n\t\t\t\t<div class=\"elementor-widget-container\">\n\t\t\t\t\t\t\t<div class=\"elementor-posts-container elementor-posts elementor-posts--skin-cards elementor-grid\" role=\"list\">\n\t\t\t\t<article class=\"elementor-post elementor-grid-item post-4522 post type-post status-publish format-standard has-post-thumbnail hentry category-uncategorized\" role=\"listitem\">\n\t\t\t<div class=\"elementor-post__card\">\n\t\t\t\t<a class=\"elementor-post__thumbnail__link\" href=\"https:\/\/fragmentnutrition.com\/en\/pourquoi-la-vitamine-c-est-elle-indispensable\/\" tabindex=\"-1\" ><div class=\"elementor-post__thumbnail\"><img alt=\"\" fetchpriority=\"high\" decoding=\"async\" width=\"819\" height=\"1024\" src=\"https:\/\/fragmentnutrition.com\/wp-content\/uploads\/2025\/05\/tangerine-newt-RgT22Ixcq4Y-unsplash-819x1024.webp\" class=\"attachment-large size-large wp-image-4543\" srcset=\"https:\/\/fragmentnutrition.com\/wp-content\/uploads\/2025\/05\/tangerine-newt-RgT22Ixcq4Y-unsplash-819x1024.webp 819w, https:\/\/fragmentnutrition.com\/wp-content\/uploads\/2025\/05\/tangerine-newt-RgT22Ixcq4Y-unsplash-scaled-1080x1350.webp 1080w, https:\/\/fragmentnutrition.com\/wp-content\/uploads\/2025\/05\/tangerine-newt-RgT22Ixcq4Y-unsplash-240x300.webp 240w, https:\/\/fragmentnutrition.com\/wp-content\/uploads\/2025\/05\/tangerine-newt-RgT22Ixcq4Y-unsplash-768x960.webp 768w, https:\/\/fragmentnutrition.com\/wp-content\/uploads\/2025\/05\/tangerine-newt-RgT22Ixcq4Y-unsplash-1229x1536.webp 1229w, https:\/\/fragmentnutrition.com\/wp-content\/uploads\/2025\/05\/tangerine-newt-RgT22Ixcq4Y-unsplash-scaled.webp 1536w\" sizes=\"(max-width: 819px) 100vw, 819px\" \/><\/div><\/a>\n\t\t\t\t<div class=\"elementor-post__text\">\n\t\t\t\t<h3 class=\"elementor-post__title\">\n\t\t\t<a href=\"https:\/\/fragmentnutrition.com\/en\/pourquoi-la-vitamine-c-est-elle-indispensable\/\" >\n\t\t\t\tVitamin C: Why is it essential?\t\t\t<\/a>\n\t\t<\/h3>\n\t\t\t\t<div class=\"elementor-post__excerpt\">\n\t\t\t<p>La vitamine C est la plus importante pour le corps. En effet, elle permet notamment de garder une bonne vue et des os solides.<\/p>\n\t\t<\/div>\n\t\t\t\t\t<div class=\"elementor-post__read-more-wrapper\">\n\t\t\n\t\t<a class=\"elementor-post__read-more\" href=\"https:\/\/fragmentnutrition.com\/en\/pourquoi-la-vitamine-c-est-elle-indispensable\/\" aria-label=\"Read more about Vitamine C : Pourquoi est-elle indispensable ?\" tabindex=\"-1\" >\n\t\t\tLire l'article \u00bb\t\t<\/a>\n\n\t\t\t\t\t<\/div>\n\t\t\t\t<\/div>\n\t\t\t\t\t<\/div>\n\t\t<\/article>\n\t\t\t\t<article class=\"elementor-post elementor-grid-item post-4414 post type-post status-publish format-standard has-post-thumbnail hentry category-uncategorized\" role=\"listitem\">\n\t\t\t<div class=\"elementor-post__card\">\n\t\t\t\t<a class=\"elementor-post__thumbnail__link\" href=\"https:\/\/fragmentnutrition.com\/en\/quels-sont-les-bienfaits-du-zinc-2\/\" tabindex=\"-1\" ><div class=\"elementor-post__thumbnail\"><img alt=\"\" decoding=\"async\" width=\"1024\" height=\"822\" src=\"https:\/\/fragmentnutrition.com\/wp-content\/uploads\/2025\/05\/anton-maksimov-5642-su-1Nn5ggHhcCI-unsplash-1024x822.webp\" class=\"attachment-large size-large wp-image-4590\" srcset=\"https:\/\/fragmentnutrition.com\/wp-content\/uploads\/2025\/05\/anton-maksimov-5642-su-1Nn5ggHhcCI-unsplash-1024x822.webp 1024w, https:\/\/fragmentnutrition.com\/wp-content\/uploads\/2025\/05\/anton-maksimov-5642-su-1Nn5ggHhcCI-unsplash-1080x867.webp 1080w, https:\/\/fragmentnutrition.com\/wp-content\/uploads\/2025\/05\/anton-maksimov-5642-su-1Nn5ggHhcCI-unsplash-300x241.webp 300w, https:\/\/fragmentnutrition.com\/wp-content\/uploads\/2025\/05\/anton-maksimov-5642-su-1Nn5ggHhcCI-unsplash-768x616.webp 768w, https:\/\/fragmentnutrition.com\/wp-content\/uploads\/2025\/05\/anton-maksimov-5642-su-1Nn5ggHhcCI-unsplash-1536x1233.webp 1536w, https:\/\/fragmentnutrition.com\/wp-content\/uploads\/2025\/05\/anton-maksimov-5642-su-1Nn5ggHhcCI-unsplash.webp 1920w\" sizes=\"(max-width: 1024px) 100vw, 1024px\" \/><\/div><\/a>\n\t\t\t\t<div class=\"elementor-post__text\">\n\t\t\t\t<h3 class=\"elementor-post__title\">\n\t\t\t<a href=\"https:\/\/fragmentnutrition.com\/en\/quels-sont-les-bienfaits-du-zinc-2\/\" >\n\t\t\t\tWhat are the benefits of Zinc?\t\t\t<\/a>\n\t\t<\/h3>\n\t\t\t\t<div class=\"elementor-post__excerpt\">\n\t\t\t<p>Le Zinc est un \u00e9l\u00e9ment essentiel au bon fonctionnement du corps. Notamment pour la m\u00e9moire et la vue<\/p>\n\t\t<\/div>\n\t\t\t\t\t<div class=\"elementor-post__read-more-wrapper\">\n\t\t\n\t\t<a class=\"elementor-post__read-more\" href=\"https:\/\/fragmentnutrition.com\/en\/quels-sont-les-bienfaits-du-zinc-2\/\" aria-label=\"Read more about Quels sont les bienfaits du Zinc ?\" tabindex=\"-1\" >\n\t\t\tLire l'article \u00bb\t\t<\/a>\n\n\t\t\t\t\t<\/div>\n\t\t\t\t<\/div>\n\t\t\t\t\t<\/div>\n\t\t<\/article>\n\t\t\t\t<\/div>\n\t\t\n\t\t\t\t\t\t<\/div>\n\t\t\t\t<\/div>\n\t\t\t\t\t<\/div>\n\t\t\t\t<\/div>\n\t\t\t\t<\/div>","protected":false},"excerpt":{"rendered":"<p>Fragment de savoir L&rsquo;espace pour ceux qui veulent tout comprendre.<\/p>","protected":false},"author":1,"featured_media":0,"parent":0,"menu_order":0,"comment_status":"closed","ping_status":"closed","template":"","meta":{"_acf_changed":false,"_seopress_robots_primary_cat":"","_seopress_titles_title":"","_seopress_titles_desc":"","_seopress_robots_index":"","site-sidebar-layout":"no-sidebar","site-content-layout":"page-builder","ast-site-content-layout":"full-width-container","site-content-style":"default","site-sidebar-style":"default","ast-global-header-display":"","ast-banner-title-visibility":"","ast-main-header-display":"","ast-hfb-above-header-display":"","ast-hfb-below-header-display":"","ast-hfb-mobile-header-display":"","site-post-title":"disabled","ast-breadcrumbs-content":"","ast-featured-img":"disabled","footer-sml-layout":"","ast-disable-related-posts":"","theme-transparent-header-meta":"","adv-header-id-meta":"","stick-header-meta":"","header-above-stick-meta":"","header-main-stick-meta":"","header-below-stick-meta":"","astra-migrate-meta-layouts":"default","ast-page-background-enabled":"default","ast-page-background-meta":{"desktop":{"background-color":"var(--ast-global-color-4)","background-image":"","background-repeat":"repeat","background-position":"center center","background-size":"auto","background-attachment":"scroll","background-type":"","background-media":"","overlay-type":"","overlay-color":"","overlay-opacity":"","overlay-gradient":""},"tablet":{"background-color":"","background-image":"","background-repeat":"repeat","background-position":"center center","background-size":"auto","background-attachment":"scroll","background-type":"","background-media":"","overlay-type":"","overlay-color":"","overlay-opacity":"","overlay-gradient":""},"mobile":{"background-color":"","background-image":"","background-repeat":"repeat","background-position":"center center","background-size":"auto","background-attachment":"scroll","background-type":"","background-media":"","overlay-type":"","overlay-color":"","overlay-opacity":"","overlay-gradient":""}},"ast-content-background-meta":{"desktop":{"background-color":"var(--ast-global-color-5)","background-image":"","background-repeat":"repeat","background-position":"center center","background-size":"auto","background-attachment":"scroll","background-type":"","background-media":"","overlay-type":"","overlay-color":"","overlay-opacity":"","overlay-gradient":""},"tablet":{"background-color":"var(--ast-global-color-5)","background-image":"","background-repeat":"repeat","background-position":"center center","background-size":"auto","background-attachment":"scroll","background-type":"","background-media":"","overlay-type":"","overlay-color":"","overlay-opacity":"","overlay-gradient":""},"mobile":{"background-color":"var(--ast-global-color-5)","background-image":"","background-repeat":"repeat","background-position":"center center","background-size":"auto","background-attachment":"scroll","background-type":"","background-media":"","overlay-type":"","overlay-color":"","overlay-opacity":"","overlay-gradient":""}},"footnotes":""},"class_list":["post-4395","page","type-page","status-publish","hentry"],"acf":[],"_links":{"self":[{"href":"https:\/\/fragmentnutrition.com\/en\/wp-json\/wp\/v2\/pages\/4395","targetHints":{"allow":["GET"]}}],"collection":[{"href":"https:\/\/fragmentnutrition.com\/en\/wp-json\/wp\/v2\/pages"}],"about":[{"href":"https:\/\/fragmentnutrition.com\/en\/wp-json\/wp\/v2\/types\/page"}],"author":[{"embeddable":true,"href":"https:\/\/fragmentnutrition.com\/en\/wp-json\/wp\/v2\/users\/1"}],"replies":[{"embeddable":true,"href":"https:\/\/fragmentnutrition.com\/en\/wp-json\/wp\/v2\/comments?post=4395"}],"version-history":[{"count":78,"href":"https:\/\/fragmentnutrition.com\/en\/wp-json\/wp\/v2\/pages\/4395\/revisions"}],"predecessor-version":[{"id":14539,"href":"https:\/\/fragmentnutrition.com\/en\/wp-json\/wp\/v2\/pages\/4395\/revisions\/14539"}],"wp:attachment":[{"href":"https:\/\/fragmentnutrition.com\/en\/wp-json\/wp\/v2\/media?parent=4395"}],"curies":[{"name":"wp","href":"https:\/\/api.w.org\/{rel}","templated":true}]}}